{"id":8861,"date":"2018-12-10T09:58:50","date_gmt":"2018-12-10T06:58:50","guid":{"rendered":"http:\/\/democontent.codex-themes.com\/thegem\/?page_id=8861"},"modified":"2021-06-02T01:19:34","modified_gmt":"2021-06-01T23:19:34","slug":"homepage-business-corporate","status":"publish","type":"page","link":"https:\/\/cmd-koeln.de\/","title":{"rendered":"Orthozoone CMD K\u00f6ln"},"content":{"rendered":"<p>[vc_row][vc_column]<div class=\"clearboth\"><\/div><div class=\"gem-divider \" style=\"margin-top: 55px;\"><\/div>[vc_column_text]OrthoZoone K\u00f6ln &#8211; 3D Radiologie, orthop\u00e4dische Zahnmedizin, 3D- K\u00f6rperscan, Stoffwechselanalyse, Cardioscan, Mescan, SCANECA -Scan, Gang- und Haltungsanalyse, Zahn- und Kieferscan. Zahnschienen gegen Schnarchen, Schienen gegen Z\u00e4hneknirschen, Zahnschienen zur Leistungssteigerung und Power-Zahnschutz-Schienen.[\/vc_column_text]<div class=\"clearboth\"><\/div><div class=\"gem-divider \" style=\"margin-top: 55px;\"><\/div>[\/vc_column][\/vc_row][vc_row disable_element=&#8221;yes&#8221; css_animation=&#8221;bottom-to-top&#8221; css=&#8221;.vc_custom_1622589269146{margin-bottom: 0px !important;}&#8221;][vc_column]<div class=\"clearboth\"><\/div><div class=\"gem-divider \" style=\"margin-top: 70px;\"><\/div><div id=\"fullwidth-block-69df49b16b724\" class=\"fullwidth-block clearfix\"  style=\"background-color: #313344;padding-top: 130px;padding-bottom: 90px;\"><script type=\"text\/javascript\">if (typeof(gem_fix_fullwidth_position) == \"function\") { gem_fix_fullwidth_position(document.getElementById(\"fullwidth-block-69df49b16b724\")); }<\/script><div class=\"fullwidth-block-background\" style=\"background-image: url(https:\/\/cmd-koeln.de\/wp-content\/uploads\/2018\/12\/5.jpg);background-repeat: no-repeat; background-size: cover;background-position: center top;\"><\/div><div class=\"fullwidth-block-inner\"><div class=\"container\">[vc_row_inner][vc_column_inner width=&#8221;1\/4&#8243;]<div class=\"gem-icon-with-text gem-icon-with-text-icon-size-small centered-box\" ><div style=\"margin-bottom:0px;margin-top:0px; \" class=\"gem-icon-with-text-icon\"><div class=\"gem-icon gem-icon-pack-material gem-icon-size-small  gem-icon-shape-square\"  style=\"border-color: #00d4aa;opacity: 1;\"><div class=\"gem-icon-inner\" style=\"background-color: #00d4aa;\"><span class=\"gem-icon-half-1\" style=\"color: #ffffff;\"><span class=\"back-angle\">&#xf3e4;<\/span><\/span><span class=\"gem-icon-half-2\" style=\"color: #ffffff;\"><span class=\"back-angle\">&#xf3e4;<\/span><\/span><\/div><\/div><\/div><div class=\"gem-icon-with-text-content\" ><div class=\"gem-icon-with-text-text\"><div class=\"clearboth\"><\/div><div class=\"gem-divider \" style=\"margin-top: 12px;\"><\/div>[vc_column_text]<\/p>\n<div class=\"title-h5\" style=\"text-align: center;\"><span class=\"light\" style=\"color: #ffffff;\">Address<\/span><\/div>\n<p>[\/vc_column_text][vc_column_text]<\/p>\n<p style=\"text-align: center;\"><span style=\"color: #99a9b5;\">908 New Hampshire Avenue<\/span><br \/>\n<span style=\"color: #99a9b5;\"> Northwest #100, Washington, DC<br \/>\n20037,\u00a0<\/span><span style=\"color: #99a9b5;\">United States<\/span>[\/vc_column_text]<\/div><\/div><div class=\"clearboth\"><\/div><\/div>[\/vc_column_inner][vc_column_inner width=&#8221;1\/4&#8243;]<div class=\"gem-icon-with-text gem-icon-with-text-icon-size-small centered-box\" ><div style=\"margin-bottom:0px;margin-top:0px; \" class=\"gem-icon-with-text-icon\"><div class=\"gem-icon gem-icon-pack-material gem-icon-size-small  gem-icon-shape-square\"  style=\"border-color: #00bcd4;opacity: 1;\"><div class=\"gem-icon-inner\" style=\"background-color: #00bcd4;\"><span class=\"gem-icon-half-1\" style=\"color: #ffffff;\"><span class=\"back-angle\">&#xf477;<\/span><\/span><span class=\"gem-icon-half-2\" style=\"color: #ffffff;\"><span class=\"back-angle\">&#xf477;<\/span><\/span><\/div><\/div><\/div><div class=\"gem-icon-with-text-content\" ><div class=\"gem-icon-with-text-text\"><div class=\"clearboth\"><\/div><div class=\"gem-divider \" style=\"margin-top: 12px;\"><\/div>[vc_column_text]<\/p>\n<div class=\"title-h5\" style=\"text-align: center;\"><span class=\"light\" style=\"color: #ffffff;\">PHONES<\/span><\/div>\n<p>[\/vc_column_text][vc_column_text]<\/p>\n<p style=\"text-align: center;\"><span style=\"color: #99a9b5;\">Phone: +1 916-875-2235<\/span><br \/>\n<span style=\"color: #99a9b5;\">Mobile: +1 916-875-2235<\/span><br \/>\n<span style=\"color: #99a9b5;\">Fax: +1 916-875-2235<\/span>[\/vc_column_text]<\/div><\/div><div class=\"clearboth\"><\/div><\/div>[\/vc_column_inner][vc_column_inner width=&#8221;1\/4&#8243;]<div class=\"gem-icon-with-text gem-icon-with-text-icon-size-small centered-box\" ><div style=\"margin-bottom:0px;margin-top:0px; \" class=\"gem-icon-with-text-icon\"><div class=\"gem-icon gem-icon-pack-material gem-icon-size-small  gem-icon-shape-square\"  style=\"border-color: #3f70ca;opacity: 1;\"><div class=\"gem-icon-inner\" style=\"background-color: #3f70ca;\"><span class=\"gem-icon-half-1\" style=\"color: #ffffff;\"><span class=\"back-angle\">&#xf2af;<\/span><\/span><span class=\"gem-icon-half-2\" style=\"color: #ffffff;\"><span class=\"back-angle\">&#xf2af;<\/span><\/span><\/div><\/div><\/div><div class=\"gem-icon-with-text-content\" ><div class=\"gem-icon-with-text-text\"><div class=\"clearboth\"><\/div><div class=\"gem-divider \" style=\"margin-top: 12px;\"><\/div>[vc_column_text]<\/p>\n<div class=\"title-h5\" style=\"text-align: center;\"><span class=\"light\" style=\"color: #ffffff;\">CONTACTS<\/span><\/div>\n<p>[\/vc_column_text][vc_column_text]<\/p>\n<p style=\"text-align: center;\"><span style=\"color: #99a9b5;\">info@domain.ltd<\/span><br \/>\n<span style=\"color: #99a9b5;\">thegem@domain.ltd<\/span><br \/>\n<span style=\"color: #99a9b5;\">www.codex-themes.com<\/span>[\/vc_column_text]<\/div><\/div><div class=\"clearboth\"><\/div><\/div>[\/vc_column_inner][vc_column_inner width=&#8221;1\/4&#8243;]<div class=\"gem-icon-with-text gem-icon-with-text-icon-size-small centered-box\" ><div style=\"margin-bottom:0px;margin-top:0px; \" class=\"gem-icon-with-text-icon\"><div class=\"gem-icon gem-icon-pack-material gem-icon-size-small  gem-icon-shape-square\"  style=\"border-color: #8781bd;opacity: 1;\"><div class=\"gem-icon-inner\" style=\"background-color: #8781bd;\"><span class=\"gem-icon-half-1\" style=\"color: #ffffff;\"><span class=\"back-angle\">&#xf221;<\/span><\/span><span class=\"gem-icon-half-2\" style=\"color: #ffffff;\"><span class=\"back-angle\">&#xf221;<\/span><\/span><\/div><\/div><\/div><div class=\"gem-icon-with-text-content\" ><div class=\"gem-icon-with-text-text\"><div class=\"clearboth\"><\/div><div class=\"gem-divider \" style=\"margin-top: 12px;\"><\/div>[vc_column_text]<\/p>\n<div class=\"title-h5\" style=\"text-align: center;\"><span class=\"light\" style=\"color: #ffffff;\">WORKING HOURS<\/span><\/div>\n<p>[\/vc_column_text][vc_column_text]<\/p>\n<p style=\"text-align: center;\"><span style=\"color: #99a9b5;\">Monday-Friday: 9:00 \u2013 18:00<\/span><br \/>\n<span style=\"color: #99a9b5;\">Saturday: 11:00 \u2013 17:00<\/span><br \/>\n<span style=\"color: #99a9b5;\">Sunday: Closed<\/span>[\/vc_column_text]<\/div><\/div><div class=\"clearboth\"><\/div><\/div>[\/vc_column_inner][\/vc_row_inner]<\/div><\/div><\/div>[\/vc_column][\/vc_row][vc_row disable_element=&#8221;yes&#8221; css_animation=&#8221;fadeIn&#8221; css=&#8221;.vc_custom_1622589278197{margin-top: 0px !important;}&#8221;][vc_column]<div id=\"fullwidth-block-69df49b16b9cb\" class=\"fullwidth-block clearfix\"  style=\"\"><script type=\"text\/javascript\">if (typeof(gem_fix_fullwidth_position) == \"function\") { gem_fix_fullwidth_position(document.getElementById(\"fullwidth-block-69df49b16b9cb\")); }<\/script><div class=\"fullwidth-block-inner\"><div class=\"gem-map-with-text\"><div class=\"gem-map-with-text-content\" style=\"\"><\/div><div class=\"gem-map-with-text-map grayscale\">[vc_gmaps link=\"#E-8_JTNDaWZyYW1lJTIwc3JjJTNEJTIyaHR0cHMlM0ElMkYlMkZ3d3cuZ29vZ2xlLmNvbSUyRm1hcHMlMkZkJTJGZW1iZWQlM0ZtaWQlM0R6eThnN1BrSW5TNXMuazFfa2N6ZmtKUmpzJTIyJTIwd2lkdGglM0QlMjI2NDAlMjIlMjBoZWlnaHQlM0QlMjI0ODAlMjIlM0UlM0MlMkZpZnJhbWUlM0U=\" size=\"501\" disable_scroll=\"1\"]<\/div><\/div><\/div><\/div>[\/vc_column][\/vc_row]<\/p>\n","protected":false},"excerpt":{"rendered":"<p>[vc_row][vc_column][vc_column_text]OrthoZoone K\u00f6ln &#8211; 3D Radiologie, orthop\u00e4dische Zahnmedizin, 3D- K\u00f6rperscan, Stoffwechselanalyse, Cardioscan, Mescan, SCANECA -Scan, Gang- und Haltungsanalyse, Zahn- und Kieferscan&#8230;.<\/p>\n","protected":false},"author":1,"featured_media":24927,"parent":0,"menu_order":0,"comment_status":"closed","ping_status":"closed","template":"","meta":{"footnotes":""},"class_list":["post-8861","page","type-page","status-publish","has-post-thumbnail"],"_links":{"self":[{"href":"https:\/\/cmd-koeln.de\/index.php?rest_route=\/wp\/v2\/pages\/8861","targetHints":{"allow":["GET"]}}],"collection":[{"href":"https:\/\/cmd-koeln.de\/index.php?rest_route=\/wp\/v2\/pages"}],"about":[{"href":"https:\/\/cmd-koeln.de\/index.php?rest_route=\/wp\/v2\/types\/page"}],"author":[{"embeddable":true,"href":"https:\/\/cmd-koeln.de\/index.php?rest_route=\/wp\/v2\/users\/1"}],"replies":[{"embeddable":true,"href":"https:\/\/cmd-koeln.de\/index.php?rest_route=%2Fwp%2Fv2%2Fcomments&post=8861"}],"version-history":[{"count":8,"href":"https:\/\/cmd-koeln.de\/index.php?rest_route=\/wp\/v2\/pages\/8861\/revisions"}],"predecessor-version":[{"id":24933,"href":"https:\/\/cmd-koeln.de\/index.php?rest_route=\/wp\/v2\/pages\/8861\/revisions\/24933"}],"wp:featuredmedia":[{"embeddable":true,"href":"https:\/\/cmd-koeln.de\/index.php?rest_route=\/wp\/v2\/media\/24927"}],"wp:attachment":[{"href":"https:\/\/cmd-koeln.de\/index.php?rest_route=%2Fwp%2Fv2%2Fmedia&parent=8861"}],"curies":[{"name":"wp","href":"https:\/\/api.w.org\/{rel}","templated":true}]}}